{"id":7,"date":"2025-02-27T23:50:18","date_gmt":"2025-02-27T23:50:18","guid":{"rendered":"https:\/\/talentpool.dk\/?page_id=7"},"modified":"2025-03-01T21:55:59","modified_gmt":"2025-03-01T21:55:59","slug":"forside","status":"publish","type":"page","link":"https:\/\/talentpool.dk\/","title":{"rendered":"Forside"},"content":{"rendered":"<div class=\"aligncenter wp-block-site-logo\"><img loading=\"lazy\" decoding=\"async\" width=\"300\" height=\"66\" src=\"https:\/\/talentpool.dk\/wp-content\/uploads\/2025\/02\/Talentpool_logo.png\" class=\"custom-logo\" alt=\"talentpool.dk\" srcset=\"https:\/\/talentpool.dk\/wp-content\/uploads\/2025\/02\/Talentpool_logo.png 800w, https:\/\/talentpool.dk\/wp-content\/uploads\/2025\/02\/Talentpool_logo-300x67.png 300w, https:\/\/talentpool.dk\/wp-content\/uploads\/2025\/02\/Talentpool_logo-768x171.png 768w\" sizes=\"auto, (max-width: 300px) 100vw, 300px\" \/><\/div>\n\n\n<div class=\"wp-block-group alignfull has-global-padding is-layout-constrained wp-block-group-is-layout-constrained\" style=\"margin-top:0;margin-bottom:0;padding-top:var(--wp--preset--spacing--50);padding-bottom:var(--wp--preset--spacing--50)\">\n<div class=\"wp-block-columns alignwide is-layout-flex wp-container-core-columns-is-layout-1 wp-block-columns-is-layout-flex\">\n<div class=\"wp-block-column is-vertically-aligned-center is-layout-flow wp-block-column-is-layout-flow\">\n<h2 class=\"wp-block-heading has-xx-large-font-size\">Talentpool \u2013 Jobmuligheder, f\u00f8r de bliver sl\u00e5et op<\/h2>\n\n\n\n<p class=\"has-medium-font-size\">De bedste kandidater s\u00f8ger ikke altid aktivt job \u2013 men de er \u00e5bne for muligheder. Talentpool skaber den direkte forbindelse mellem talenter og virksomheder, s\u00e5 du kan blive en del af de arbejdspladser, du dr\u00f8mmer om \u2013 uden at vente p\u00e5 et jobopslag.<\/p>\n\n\n\n<p class=\"has-medium-font-size\">\ud83d\udd0d Tilmeld dig talentpools hos virksomheder, du vil arbejde for<\/p>\n\n\n\n<p class=\"has-medium-font-size\">\ud83c\udfc6 F\u00e5 adgang til nye muligheder, f\u00f8r de rammer jobmarkedet<\/p>\n\n\n\n<p class=\"has-medium-font-size\">\ud83d\udca1 Virksomheder f\u00e5r direkte adgang til interesserede talenter \u2013 ingen spildtid, ingen dyre opslag<\/p>\n\n\n\n<p class=\"has-medium-font-size\">For virksomheder betyder det en pulje af relevante kandidater, klar til at matche, n\u00e5r behovet opst\u00e5r. For talenter betyder det adgang til dr\u00f8mmejobbet \u2013 uden at skulle lede efter det.M\u00f8d hinanden, f\u00f8r jobbet er ledigt. <\/p>\n\n\n\n<p class=\"has-medium-font-size\">Talentpool g\u00f8r det nemmere for begge parter. \ud83d\ude80<\/p>\n<\/div>\n\n\n\n<div class=\"wp-block-column is-vertically-aligned-center is-layout-flow wp-block-column-is-layout-flow\">\n<figure class=\"wp-block-image size-full\"><img loading=\"lazy\" decoding=\"async\" width=\"928\" height=\"1232\" src=\"https:\/\/talentpool.dk\/wp-content\/uploads\/2025\/03\/Splash_fp.png\" alt=\"\" class=\"wp-image-16\" style=\"aspect-ratio:1;object-fit:cover\" srcset=\"https:\/\/talentpool.dk\/wp-content\/uploads\/2025\/03\/Splash_fp.png 928w, https:\/\/talentpool.dk\/wp-content\/uploads\/2025\/03\/Splash_fp-226x300.png 226w, https:\/\/talentpool.dk\/wp-content\/uploads\/2025\/03\/Splash_fp-771x1024.png 771w, https:\/\/talentpool.dk\/wp-content\/uploads\/2025\/03\/Splash_fp-768x1020.png 768w\" sizes=\"auto, (max-width: 928px) 100vw, 928px\" \/><\/figure>\n<\/div>\n<\/div>\n<\/div>\n\n\n\n<div class=\"wp-block-group alignfull has-global-padding is-layout-constrained wp-block-group-is-layout-constrained\" style=\"margin-top:0;margin-bottom:0\">\n<div class=\"wp-block-group alignwide is-layout-flow wp-container-core-group-is-layout-4 wp-block-group-is-layout-flow\" style=\"padding-top:var(--wp--preset--spacing--50);padding-bottom:var(--wp--preset--spacing--50)\">\n<h2 class=\"wp-block-heading has-x-large-font-size\">Sp\u00f8rgsm\u00e5l?<\/h2>\n\n\n\n<div class=\"wp-block-columns is-layout-flex wp-container-core-columns-is-layout-2 wp-block-columns-is-layout-flex\">\n<div class=\"wp-block-column is-layout-flow wp-block-column-is-layout-flow\">\n<div class=\"wp-block-group is-layout-flow wp-block-group-is-layout-flow\" style=\"border-top-color:var(--wp--preset--color--accent-6);border-top-width:1px;padding-top:var(--wp--preset--spacing--30);padding-bottom:var(--wp--preset--spacing--30)\">\n<p>S\u00e5 udfyld kontaktformularen her: <\/p>\n\n\n\n<p><\/p>\n<\/div>\n<\/div>\n\n\n\n<div class=\"wp-block-column is-layout-flow wp-block-column-is-layout-flow\">\n<div class=\"wp-block-group is-layout-flow wp-block-group-is-layout-flow\" style=\"border-top-color:var(--wp--preset--color--accent-6);border-top-width:1px;padding-top:var(--wp--preset--spacing--30);padding-bottom:var(--wp--preset--spacing--30)\">\n<div class=\"wpcf7 no-js\" id=\"wpcf7-f6-o1\" lang=\"da-DK\" dir=\"ltr\" data-wpcf7-id=\"6\">\n<div class=\"screen-reader-response\"><p role=\"status\" aria-live=\"polite\" aria-atomic=\"true\"><\/p> <ul><\/ul><\/div>\n<form action=\"\/index.php\/wp-json\/wp\/v2\/pages\/7#wpcf7-f6-o1\" method=\"post\" class=\"wpcf7-form init\" aria-label=\"Kontaktformular\" novalidate=\"novalidate\" data-status=\"init\">\n<div style=\"display: none;\">\n<input type=\"hidden\" name=\"_wpcf7\" value=\"6\" \/>\n<input type=\"hidden\" name=\"_wpcf7_version\" value=\"6.0.4\" \/>\n<input type=\"hidden\" name=\"_wpcf7_locale\" value=\"da_DK\" \/>\n<input type=\"hidden\" name=\"_wpcf7_unit_tag\" value=\"wpcf7-f6-o1\" \/>\n<input type=\"hidden\" name=\"_wpcf7_container_post\" value=\"0\" \/>\n<input type=\"hidden\" name=\"_wpcf7_posted_data_hash\" value=\"\" \/>\n<\/div>\n<p><label> Dit navn<br \/>\n<span class=\"wpcf7-form-control-wrap\" data-name=\"your-name\"><input size=\"40\" maxlength=\"400\" class=\"wpcf7-form-control wpcf7-text wpcf7-validates-as-required\" autocomplete=\"name\" aria-required=\"true\" aria-invalid=\"false\" value=\"\" type=\"text\" name=\"your-name\" \/><\/span> <\/label>\n<\/p>\n<p><label> Din e-mail<br \/>\n<span class=\"wpcf7-form-control-wrap\" data-name=\"your-email\"><input size=\"40\" maxlength=\"400\" class=\"wpcf7-form-control wpcf7-email wpcf7-validates-as-required wpcf7-text wpcf7-validates-as-email\" autocomplete=\"email\" aria-required=\"true\" aria-invalid=\"false\" value=\"\" type=\"email\" name=\"your-email\" \/><\/span> <\/label>\n<\/p>\n<p><label> Emne<br \/>\n<span class=\"wpcf7-form-control-wrap\" data-name=\"your-subject\"><input size=\"40\" maxlength=\"400\" class=\"wpcf7-form-control wpcf7-text wpcf7-validates-as-required\" aria-required=\"true\" aria-invalid=\"false\" value=\"\" type=\"text\" name=\"your-subject\" \/><\/span> <\/label>\n<\/p>\n<p><label> Din besked (valgfri)<br \/>\n<span class=\"wpcf7-form-control-wrap\" data-name=\"your-message\"><textarea cols=\"40\" rows=\"10\" maxlength=\"2000\" class=\"wpcf7-form-control wpcf7-textarea\" aria-invalid=\"false\" name=\"your-message\"><\/textarea><\/span> <\/label>\n<\/p>\n<p><input class=\"wpcf7-form-control wpcf7-submit has-spinner\" type=\"submit\" value=\"Send\" \/>\n<\/p><div class=\"wpcf7-response-output\" aria-hidden=\"true\"><\/div>\n<\/form>\n<\/div>\n\n<\/div>\n<\/div>\n<\/div>\n<\/div>\n\n\n\n<p class=\"has-text-align-center\">\u00a9 Talentpool.dk 2025<\/p>\n<\/div>\n","protected":false},"excerpt":{"rendered":"<p>Talentpool \u2013 Jobmuligheder, f\u00f8r de bliver sl\u00e5et op De bedste kandidater s\u00f8ger ikke altid aktivt job \u2013 men de er \u00e5bne for muligheder. Talentpool skaber den direkte forbindelse mellem talenter og virksomheder, s\u00e5 du kan blive en del af de arbejdspladser, du dr\u00f8mmer om \u2013 uden at vente p\u00e5 et jobopslag. \ud83d\udd0d Tilmeld dig talentpools [&hellip;]<\/p>\n","protected":false},"author":1,"featured_media":0,"parent":0,"menu_order":0,"comment_status":"closed","ping_status":"closed","template":"","meta":{"footnotes":""},"class_list":["post-7","page","type-page","status-publish","hentry"],"_links":{"self":[{"href":"https:\/\/talentpool.dk\/index.php\/wp-json\/wp\/v2\/pages\/7","targetHints":{"allow":["GET"]}}],"collection":[{"href":"https:\/\/talentpool.dk\/index.php\/wp-json\/wp\/v2\/pages"}],"about":[{"href":"https:\/\/talentpool.dk\/index.php\/wp-json\/wp\/v2\/types\/page"}],"author":[{"embeddable":true,"href":"https:\/\/talentpool.dk\/index.php\/wp-json\/wp\/v2\/users\/1"}],"replies":[{"embeddable":true,"href":"https:\/\/talentpool.dk\/index.php\/wp-json\/wp\/v2\/comments?post=7"}],"version-history":[{"count":4,"href":"https:\/\/talentpool.dk\/index.php\/wp-json\/wp\/v2\/pages\/7\/revisions"}],"predecessor-version":[{"id":17,"href":"https:\/\/talentpool.dk\/index.php\/wp-json\/wp\/v2\/pages\/7\/revisions\/17"}],"wp:attachment":[{"href":"https:\/\/talentpool.dk\/index.php\/wp-json\/wp\/v2\/media?parent=7"}],"curies":[{"name":"wp","href":"https:\/\/api.w.org\/{rel}","templated":true}]}}